{"id":55,"date":"2022-03-07T11:35:54","date_gmt":"2022-03-07T10:35:54","guid":{"rendered":"https:\/\/www.naoessence.com\/?page_id=55"},"modified":"2022-09-14T13:10:37","modified_gmt":"2022-09-14T11:10:37","slug":"dal-territorio-per-il-territorio","status":"publish","type":"page","link":"https:\/\/www.naoessence.com\/it\/dal-territorio-per-il-territorio\/","title":{"rendered":"Dal territorio per il territorio."},"content":{"rendered":"\n<div class=\"wp-block-columns is-layout-flex wp-container-core-columns-is-layout-9d6595d7 wp-block-columns-is-layout-flex\">\n<div class=\"wp-block-column is-layout-flow wp-block-column-is-layout-flow\">\n<p>Da sempre alla ricerca della bellezza espressa in ogni sua forma, Alice Viola ne ritrova i connotati percorrendo i sentieri curvilinei che separano le colline dal mare, nel frinire costante delle cicale che concertano tra gli ulivi, nella sensazione dei granelli di sabbia sotto i piedi quando passeggia in riva al mare.<br>NAO, dal termine \u201cnave\u201d in dialetto genovese, nasce e si sviluppa proprio attraverso attimi come questi per raccontare e condividere i dettagli pi\u00f9 intensi ed unici che caratterizzano il territorio che si estende da Levante a Ponente.<\/p>\n<\/div>\n\n\n\n<div class=\"wp-block-column is-layout-flow wp-block-column-is-layout-flow\">\n<p>Le fragranze nascono dal vento che accarezza i fiori e la flora locale e viaggiano sostenute dalla brezza per evocare ricordi, suscitare emozioni, avvolgere i pensieri. L\u2019artigianalit\u00e0, la cultura, lo stile di vita e la sofisticazione della Liguria viene studiata a lungo dal pluripremiato maestro profumiere Fulvio Ciccolo, che ne racchiude infine l\u2019essenza salmastra del mare in Cr\u00eauza de M\u00e4 e l\u2019aroma della terra e della vegetazione selvaggia in Nat\u00fba.<\/p>\n<\/div>\n<\/div>\n\n\n\n<div class=\"wp-block-media-text alignwide is-stacked-on-mobile is-image-fill\"><figure class=\"wp-block-media-text__media\" style=\"background-image:url(https:\/\/www.naoessence.com\/wp-content\/uploads\/2022\/09\/NAO-Essence-memorabile-scaled-e1663153797273-1024x682.jpg);background-position:75% 25%\"><img loading=\"lazy\" decoding=\"async\" width=\"1024\" height=\"682\" src=\"https:\/\/www.naoessence.com\/wp-content\/uploads\/2022\/09\/NAO-Essence-memorabile-scaled-e1663153797273-1024x682.jpg\" alt=\"\" class=\"wp-image-569 size-full\" srcset=\"https:\/\/www.naoessence.com\/wp-content\/uploads\/2022\/09\/NAO-Essence-memorabile-scaled-e1663153797273-1024x682.jpg 1024w, https:\/\/www.naoessence.com\/wp-content\/uploads\/2022\/09\/NAO-Essence-memorabile-scaled-e1663153797273-1920x1279.jpg 1920w, https:\/\/www.naoessence.com\/wp-content\/uploads\/2022\/09\/NAO-Essence-memorabile-scaled-e1663153797273-640x426.jpg 640w, https:\/\/www.naoessence.com\/wp-content\/uploads\/2022\/09\/NAO-Essence-memorabile-scaled-e1663153797273-768x512.jpg 768w, https:\/\/www.naoessence.com\/wp-content\/uploads\/2022\/09\/NAO-Essence-memorabile-scaled-e1663153797273-1366x910.jpg 1366w, https:\/\/www.naoessence.com\/wp-content\/uploads\/2022\/09\/NAO-Essence-memorabile-scaled-e1663153797273-1600x1066.jpg 1600w, https:\/\/www.naoessence.com\/wp-content\/uploads\/2022\/09\/NAO-Essence-memorabile-scaled-e1663153797273-300x200.jpg 300w, https:\/\/www.naoessence.com\/wp-content\/uploads\/2022\/09\/NAO-Essence-memorabile-scaled-e1663153797273-1536x1023.jpg 1536w, https:\/\/www.naoessence.com\/wp-content\/uploads\/2022\/09\/NAO-Essence-memorabile-scaled-e1663153797273-2048x1364.jpg 2048w\" sizes=\"auto, (max-width: 1024px) 100vw, 1024px\" \/><\/figure><div class=\"wp-block-media-text__content\">\n<p><em>Nulla \u00e8 pi\u00f9 memorabile di un odore.<br>Un profumo pu\u00f2 essere inatteso, momentaneo e fuggevole e tuttavia evocare un pomeriggio d\u2019infanzia passato a correre a piedi nudi sulla sabbia, una serata estiva a lume di candela in riva al mare, un sentore di speranza per qualcosa che deve ancora accadere.<\/em><\/p>\n<\/div><\/div>\n\n\n\n<h2 class=\"wp-block-heading\">Natura, sostenibilit\u00e0 e tradizione.<\/h2>\n\n\n\n<div class=\"wp-block-columns is-layout-flex wp-container-core-columns-is-layout-9d6595d7 wp-block-columns-is-layout-flex\">\n<div class=\"wp-block-column is-layout-flow wp-block-column-is-layout-flow\">\n<p>La morfologia del territorio e il clima mediterraneo permettono alla Liguria di avere una ricca e colorata flora. Il progetto ne riscopre le caratteristiche autentiche e studia la tradizione della floricoltura e dell\u2019agricoltura per portarne le essenze oltre i suoi confini. Le fragranze si ispirano alla brezza che mescola i profumi di terra e di mare nel sofisticato stile di vita che combina lusso e tradizione per offrire un viaggio olfattivo emozionante ed esclusivo.<\/p>\n<\/div>\n\n\n\n<div class=\"wp-block-column is-layout-flow wp-block-column-is-layout-flow\">\n<p>Il racconto della cultura tipicamente italiana si amalgama perfettamente ad un packaging attento alla sostenibilit\u00e0, all\u2019identit\u00e0 di marca e all\u2019utilizzo di processi di produzione e materie prime artigianali che proteggono e rispettano la natura.<\/p>\n<\/div>\n<\/div>\n\n\n\n<h2 class=\"wp-block-heading\">Un desiderio, una prospettiva, un progetto.<\/h2>\n\n\n\n<div class=\"wp-block-columns is-layout-flex wp-container-core-columns-is-layout-9d6595d7 wp-block-columns-is-layout-flex\">\n<div class=\"wp-block-column is-layout-flow wp-block-column-is-layout-flow\">\n<p>Il progetto, che parte ora con le due fragranze di punta <em>Cr\u00eauza de M\u00e4 <\/em>e <em>Nat\u00fba<\/em>, si evolve indagando e riproponendo altre esperienze olfattive sensoriali in sinergia con la riscoperta delle tradizioni artigianali. Queste ultime saranno infatti le pro- tagoniste di limited edition di grande valore estetico, in collaborazione con manifatture ed artisti locali.<\/p>\n<\/div>\n\n\n\n<div class=\"wp-block-column is-layout-flow wp-block-column-is-layout-flow\">\n<p>I valori del brand potranno essere vissuti anche attraverso linee dedicate di accessori e cosmetica per la persona, come estensione delle stesse fragranze per ambiente. Il prodotto che racchiude lo stile e la cultura italiana vuole espandersi e diventare in futuro portavoce di sensazioni ed emozioni appartenenti ad altri luoghi della Penisola, riproponendo la ricerca e l\u2019amore per la bellezza che ritroviamo nei primi prodotti NAO.<\/p>\n<\/div>\n<\/div>\n\n\n\n<div class=\"wp-block-media-text alignwide has-media-on-the-right is-stacked-on-mobile is-image-fill\"><figure class=\"wp-block-media-text__media\" style=\"background-image:url(https:\/\/www.naoessence.com\/wp-content\/uploads\/2022\/09\/NAO-liguria-1024x683.jpg);background-position:50% 50%\"><img loading=\"lazy\" decoding=\"async\" width=\"1024\" height=\"683\" src=\"https:\/\/www.naoessence.com\/wp-content\/uploads\/2022\/09\/NAO-liguria-1024x683.jpg\" alt=\"\" class=\"wp-image-558 size-full\" srcset=\"https:\/\/www.naoessence.com\/wp-content\/uploads\/2022\/09\/NAO-liguria-1024x682.jpg 1024w, https:\/\/www.naoessence.com\/wp-content\/uploads\/2022\/09\/NAO-liguria-2048x1365.jpg 2048w, https:\/\/www.naoessence.com\/wp-content\/uploads\/2022\/09\/NAO-liguria-600x400.jpg 600w, https:\/\/www.naoessence.com\/wp-content\/uploads\/2022\/09\/NAO-liguria-300x200.jpg 300w, https:\/\/www.naoessence.com\/wp-content\/uploads\/2022\/09\/NAO-liguria-768x512.jpg 768w, https:\/\/www.naoessence.com\/wp-content\/uploads\/2022\/09\/NAO-liguria-1536x1024.jpg 1536w, https:\/\/www.naoessence.com\/wp-content\/uploads\/2022\/09\/NAO-liguria-640x426.jpg 640w, https:\/\/www.naoessence.com\/wp-content\/uploads\/2022\/09\/NAO-liguria-1366x910.jpg 1366w, https:\/\/www.naoessence.com\/wp-content\/uploads\/2022\/09\/NAO-liguria-1600x1066.jpg 1600w, https:\/\/www.naoessence.com\/wp-content\/uploads\/2022\/09\/NAO-liguria-1920x1280.jpg 1920w\" sizes=\"auto, (max-width: 1024px) 100vw, 1024px\" \/><\/figure><div class=\"wp-block-media-text__content\">\n<p><em>Chiudete gli occhi e concedetevi una dolce fuga in barca a vela, lasciatevi accarezzare da un vento che parla di libert\u00e0 ed eleganza, perdetevi tra i carruggi antichi e colorati. Immergetevi in una sensazione presente, passata e futura.<\/em><\/p>\n\n\n\n<p><em>Un momento infinito.<\/em><\/p>\n<\/div><\/div>\n","protected":false},"excerpt":{"rendered":"<p>Da sempre alla ricerca della bellezza espressa in ogni sua forma, Alice Viola ne ritrova i connotati percorrendo i sentieri curvilinei che separano le colline dal mare, nel frinire costante delle cicale che concertano tra gli ulivi, nella sensazione dei granelli di sabbia sotto i piedi quando passeggia in riva al mare.NAO, dal termine \u201cnave\u201d [&hellip;]<\/p>\n","protected":false},"author":1,"featured_media":556,"parent":0,"menu_order":0,"comment_status":"closed","ping_status":"closed","template":"template-custom-page.php","meta":{"_acf_changed":false,"inline_featured_image":false,"footnotes":""},"class_list":["post-55","page","type-page","status-publish","has-post-thumbnail","hentry"],"acf":[],"yoast_head":"<!-- This site is optimized with the Yoast SEO plugin v27.4 - https:\/\/yoast.com\/product\/yoast-seo-wordpress\/ -->\n<title>Dal territorio per il territorio. - NAO<\/title>\n<meta name=\"robots\" content=\"index, follow, max-snippet:-1, max-image-preview:large, max-video-preview:-1\" \/>\n<link rel=\"canonical\" href=\"https:\/\/www.naoessence.com\/it\/dal-territorio-per-il-territorio\/\" \/>\n<meta property=\"og:locale\" content=\"it_IT\" \/>\n<meta property=\"og:type\" content=\"article\" \/>\n<meta property=\"og:title\" content=\"Dal territorio per il territorio. - NAO\" \/>\n<meta property=\"og:description\" content=\"Da sempre alla ricerca della bellezza espressa in ogni sua forma, Alice Viola ne ritrova i connotati percorrendo i sentieri curvilinei che separano le colline dal mare, nel frinire costante delle cicale che concertano tra gli ulivi, nella sensazione dei granelli di sabbia sotto i piedi quando passeggia in riva al mare.NAO, dal termine \u201cnave\u201d [&hellip;]\" \/>\n<meta property=\"og:url\" content=\"https:\/\/www.naoessence.com\/it\/dal-territorio-per-il-territorio\/\" \/>\n<meta property=\"og:site_name\" content=\"NAO\" \/>\n<meta property=\"article:modified_time\" content=\"2022-09-14T11:10:37+00:00\" \/>\n<meta property=\"og:image\" content=\"https:\/\/www.naoessence.com\/wp-content\/uploads\/2022\/09\/NAO-italianessence.jpg\" \/>\n\t<meta property=\"og:image:width\" content=\"1920\" \/>\n\t<meta property=\"og:image:height\" content=\"1280\" \/>\n\t<meta property=\"og:image:type\" content=\"image\/jpeg\" \/>\n<meta name=\"twitter:card\" content=\"summary_large_image\" \/>\n<meta name=\"twitter:label1\" content=\"Tempo di lettura stimato\" \/>\n\t<meta name=\"twitter:data1\" content=\"3 minuti\" \/>\n<script type=\"application\/ld+json\" class=\"yoast-schema-graph\">{\"@context\":\"https:\\\/\\\/schema.org\",\"@graph\":[{\"@type\":\"WebPage\",\"@id\":\"https:\\\/\\\/www.naoessence.com\\\/it\\\/dal-territorio-per-il-territorio\\\/\",\"url\":\"https:\\\/\\\/www.naoessence.com\\\/it\\\/dal-territorio-per-il-territorio\\\/\",\"name\":\"Dal territorio per il territorio. - NAO\",\"isPartOf\":{\"@id\":\"https:\\\/\\\/www.naoessence.com\\\/it\\\/#website\"},\"primaryImageOfPage\":{\"@id\":\"https:\\\/\\\/www.naoessence.com\\\/it\\\/dal-territorio-per-il-territorio\\\/#primaryimage\"},\"image\":{\"@id\":\"https:\\\/\\\/www.naoessence.com\\\/it\\\/dal-territorio-per-il-territorio\\\/#primaryimage\"},\"thumbnailUrl\":\"https:\\\/\\\/www.naoessence.com\\\/wp-content\\\/uploads\\\/2022\\\/09\\\/NAO-italianessence.jpg\",\"datePublished\":\"2022-03-07T10:35:54+00:00\",\"dateModified\":\"2022-09-14T11:10:37+00:00\",\"breadcrumb\":{\"@id\":\"https:\\\/\\\/www.naoessence.com\\\/it\\\/dal-territorio-per-il-territorio\\\/#breadcrumb\"},\"inLanguage\":\"it-IT\",\"potentialAction\":[{\"@type\":\"ReadAction\",\"target\":[\"https:\\\/\\\/www.naoessence.com\\\/it\\\/dal-territorio-per-il-territorio\\\/\"]}]},{\"@type\":\"ImageObject\",\"inLanguage\":\"it-IT\",\"@id\":\"https:\\\/\\\/www.naoessence.com\\\/it\\\/dal-territorio-per-il-territorio\\\/#primaryimage\",\"url\":\"https:\\\/\\\/www.naoessence.com\\\/wp-content\\\/uploads\\\/2022\\\/09\\\/NAO-italianessence.jpg\",\"contentUrl\":\"https:\\\/\\\/www.naoessence.com\\\/wp-content\\\/uploads\\\/2022\\\/09\\\/NAO-italianessence.jpg\",\"width\":1920,\"height\":1280},{\"@type\":\"BreadcrumbList\",\"@id\":\"https:\\\/\\\/www.naoessence.com\\\/it\\\/dal-territorio-per-il-territorio\\\/#breadcrumb\",\"itemListElement\":[{\"@type\":\"ListItem\",\"position\":1,\"name\":\"Home\",\"item\":\"https:\\\/\\\/www.naoessence.com\\\/it\\\/\"},{\"@type\":\"ListItem\",\"position\":2,\"name\":\"Dal territorio per il territorio.\"}]},{\"@type\":\"WebSite\",\"@id\":\"https:\\\/\\\/www.naoessence.com\\\/it\\\/#website\",\"url\":\"https:\\\/\\\/www.naoessence.com\\\/it\\\/\",\"name\":\"NAO\",\"description\":\"Italian Essence\",\"publisher\":{\"@id\":\"https:\\\/\\\/www.naoessence.com\\\/it\\\/#organization\"},\"potentialAction\":[{\"@type\":\"SearchAction\",\"target\":{\"@type\":\"EntryPoint\",\"urlTemplate\":\"https:\\\/\\\/www.naoessence.com\\\/it\\\/?s={search_term_string}\"},\"query-input\":{\"@type\":\"PropertyValueSpecification\",\"valueRequired\":true,\"valueName\":\"search_term_string\"}}],\"inLanguage\":\"it-IT\"},{\"@type\":\"Organization\",\"@id\":\"https:\\\/\\\/www.naoessence.com\\\/it\\\/#organization\",\"name\":\"NAO Italian Essence\",\"url\":\"https:\\\/\\\/www.naoessence.com\\\/it\\\/\",\"logo\":{\"@type\":\"ImageObject\",\"inLanguage\":\"it-IT\",\"@id\":\"https:\\\/\\\/www.naoessence.com\\\/it\\\/#\\\/schema\\\/logo\\\/image\\\/\",\"url\":\"https:\\\/\\\/www.naoessence.com\\\/wp-content\\\/uploads\\\/2022\\\/09\\\/NAO-logo.svg\",\"contentUrl\":\"https:\\\/\\\/www.naoessence.com\\\/wp-content\\\/uploads\\\/2022\\\/09\\\/NAO-logo.svg\",\"width\":161,\"height\":64,\"caption\":\"NAO Italian Essence\"},\"image\":{\"@id\":\"https:\\\/\\\/www.naoessence.com\\\/it\\\/#\\\/schema\\\/logo\\\/image\\\/\"}}]}<\/script>\n<!-- \/ Yoast SEO plugin. -->","yoast_head_json":{"title":"Dal territorio per il territorio. - NAO","robots":{"index":"index","follow":"follow","max-snippet":"max-snippet:-1","max-image-preview":"max-image-preview:large","max-video-preview":"max-video-preview:-1"},"canonical":"https:\/\/www.naoessence.com\/it\/dal-territorio-per-il-territorio\/","og_locale":"it_IT","og_type":"article","og_title":"Dal territorio per il territorio. - NAO","og_description":"Da sempre alla ricerca della bellezza espressa in ogni sua forma, Alice Viola ne ritrova i connotati percorrendo i sentieri curvilinei che separano le colline dal mare, nel frinire costante delle cicale che concertano tra gli ulivi, nella sensazione dei granelli di sabbia sotto i piedi quando passeggia in riva al mare.NAO, dal termine \u201cnave\u201d [&hellip;]","og_url":"https:\/\/www.naoessence.com\/it\/dal-territorio-per-il-territorio\/","og_site_name":"NAO","article_modified_time":"2022-09-14T11:10:37+00:00","og_image":[{"width":1920,"height":1280,"url":"https:\/\/www.naoessence.com\/wp-content\/uploads\/2022\/09\/NAO-italianessence.jpg","type":"image\/jpeg"}],"twitter_card":"summary_large_image","twitter_misc":{"Tempo di lettura stimato":"3 minuti"},"schema":{"@context":"https:\/\/schema.org","@graph":[{"@type":"WebPage","@id":"https:\/\/www.naoessence.com\/it\/dal-territorio-per-il-territorio\/","url":"https:\/\/www.naoessence.com\/it\/dal-territorio-per-il-territorio\/","name":"Dal territorio per il territorio. - NAO","isPartOf":{"@id":"https:\/\/www.naoessence.com\/it\/#website"},"primaryImageOfPage":{"@id":"https:\/\/www.naoessence.com\/it\/dal-territorio-per-il-territorio\/#primaryimage"},"image":{"@id":"https:\/\/www.naoessence.com\/it\/dal-territorio-per-il-territorio\/#primaryimage"},"thumbnailUrl":"https:\/\/www.naoessence.com\/wp-content\/uploads\/2022\/09\/NAO-italianessence.jpg","datePublished":"2022-03-07T10:35:54+00:00","dateModified":"2022-09-14T11:10:37+00:00","breadcrumb":{"@id":"https:\/\/www.naoessence.com\/it\/dal-territorio-per-il-territorio\/#breadcrumb"},"inLanguage":"it-IT","potentialAction":[{"@type":"ReadAction","target":["https:\/\/www.naoessence.com\/it\/dal-territorio-per-il-territorio\/"]}]},{"@type":"ImageObject","inLanguage":"it-IT","@id":"https:\/\/www.naoessence.com\/it\/dal-territorio-per-il-territorio\/#primaryimage","url":"https:\/\/www.naoessence.com\/wp-content\/uploads\/2022\/09\/NAO-italianessence.jpg","contentUrl":"https:\/\/www.naoessence.com\/wp-content\/uploads\/2022\/09\/NAO-italianessence.jpg","width":1920,"height":1280},{"@type":"BreadcrumbList","@id":"https:\/\/www.naoessence.com\/it\/dal-territorio-per-il-territorio\/#breadcrumb","itemListElement":[{"@type":"ListItem","position":1,"name":"Home","item":"https:\/\/www.naoessence.com\/it\/"},{"@type":"ListItem","position":2,"name":"Dal territorio per il territorio."}]},{"@type":"WebSite","@id":"https:\/\/www.naoessence.com\/it\/#website","url":"https:\/\/www.naoessence.com\/it\/","name":"NAO","description":"Italian Essence","publisher":{"@id":"https:\/\/www.naoessence.com\/it\/#organization"},"potentialAction":[{"@type":"SearchAction","target":{"@type":"EntryPoint","urlTemplate":"https:\/\/www.naoessence.com\/it\/?s={search_term_string}"},"query-input":{"@type":"PropertyValueSpecification","valueRequired":true,"valueName":"search_term_string"}}],"inLanguage":"it-IT"},{"@type":"Organization","@id":"https:\/\/www.naoessence.com\/it\/#organization","name":"NAO Italian Essence","url":"https:\/\/www.naoessence.com\/it\/","logo":{"@type":"ImageObject","inLanguage":"it-IT","@id":"https:\/\/www.naoessence.com\/it\/#\/schema\/logo\/image\/","url":"https:\/\/www.naoessence.com\/wp-content\/uploads\/2022\/09\/NAO-logo.svg","contentUrl":"https:\/\/www.naoessence.com\/wp-content\/uploads\/2022\/09\/NAO-logo.svg","width":161,"height":64,"caption":"NAO Italian Essence"},"image":{"@id":"https:\/\/www.naoessence.com\/it\/#\/schema\/logo\/image\/"}}]}},"_links":{"self":[{"href":"https:\/\/www.naoessence.com\/it\/wp-json\/wp\/v2\/pages\/55","targetHints":{"allow":["GET"]}}],"collection":[{"href":"https:\/\/www.naoessence.com\/it\/wp-json\/wp\/v2\/pages"}],"about":[{"href":"https:\/\/www.naoessence.com\/it\/wp-json\/wp\/v2\/types\/page"}],"author":[{"embeddable":true,"href":"https:\/\/www.naoessence.com\/it\/wp-json\/wp\/v2\/users\/1"}],"replies":[{"embeddable":true,"href":"https:\/\/www.naoessence.com\/it\/wp-json\/wp\/v2\/comments?post=55"}],"version-history":[{"count":0,"href":"https:\/\/www.naoessence.com\/it\/wp-json\/wp\/v2\/pages\/55\/revisions"}],"wp:featuredmedia":[{"embeddable":true,"href":"https:\/\/www.naoessence.com\/it\/wp-json\/wp\/v2\/media\/556"}],"wp:attachment":[{"href":"https:\/\/www.naoessence.com\/it\/wp-json\/wp\/v2\/media?parent=55"}],"curies":[{"name":"wp","href":"https:\/\/api.w.org\/{rel}","templated":true}]}}